{"id":940,"date":"2024-10-17T11:58:08","date_gmt":"2024-10-17T11:58:08","guid":{"rendered":"https:\/\/www.pravninasvet.net\/?page_id=940"},"modified":"2024-10-18T12:19:02","modified_gmt":"2024-10-18T12:19:02","slug":"ali-ste-vedeli","status":"publish","type":"page","link":"https:\/\/www.pravninasvet.net\/index.php\/ali-ste-vedeli\/","title":{"rendered":"Ali ste vedeli?"},"content":{"rendered":"\n<p>Kako postopati, \u010de pride do ra\u010dunske napake?<\/p>\n\n\n\n<p>Poznate razliko med popolnim in nepopolnim pregledom ponudb?<\/p>\n\n\n\n<p>Kdaj ponudnika ni potrebno preveriti v e-Dosje?<\/p>\n\n\n\n<p>Je ogled lokacije, ki je predmet javnega naro\u010dila lahko obvezen?<\/p>\n\n\n\n<p><\/p>\n\n\n\n<p>Na vsa ta in morebitna druga vpra\u0161anja povezana s postopki javnega naro\u010danja poznamo odgovor mi \ud83d\ude42<\/p>\n\n\n\n<p>Na\u0161 kontakt: info@pravninasvet.net<\/p>\n\n\n\n<p><\/p>\n","protected":false},"excerpt":{"rendered":"<p>Kako postopati, \u010de pride do ra\u010dunske napake? Poznate razliko med popolnim in nepopolnim pregledom ponudb? Kdaj ponudnika ni potrebno preveriti v e-Dosje? Je ogled lokacije, ki je predmet javnega naro\u010dila lahko obvezen? Na vsa ta in morebitna druga vpra\u0161anja povezana s postopki javnega naro\u010danja poznamo odgovor mi \ud83d\ude42 Na\u0161 kontakt: info@pravninasvet.net<\/p>\n","protected":false},"author":1,"featured_media":0,"parent":0,"menu_order":0,"comment_status":"closed","ping_status":"closed","template":"","meta":{"footnotes":""},"class_list":["post-940","page","type-page","status-publish","hentry"],"_links":{"self":[{"href":"https:\/\/www.pravninasvet.net\/index.php\/wp-json\/wp\/v2\/pages\/940","targetHints":{"allow":["GET"]}}],"collection":[{"href":"https:\/\/www.pravninasvet.net\/index.php\/wp-json\/wp\/v2\/pages"}],"about":[{"href":"https:\/\/www.pravninasvet.net\/index.php\/wp-json\/wp\/v2\/types\/page"}],"author":[{"embeddable":true,"href":"https:\/\/www.pravninasvet.net\/index.php\/wp-json\/wp\/v2\/users\/1"}],"replies":[{"embeddable":true,"href":"https:\/\/www.pravninasvet.net\/index.php\/wp-json\/wp\/v2\/comments?post=940"}],"version-history":[{"count":4,"href":"https:\/\/www.pravninasvet.net\/index.php\/wp-json\/wp\/v2\/pages\/940\/revisions"}],"predecessor-version":[{"id":945,"href":"https:\/\/www.pravninasvet.net\/index.php\/wp-json\/wp\/v2\/pages\/940\/revisions\/945"}],"wp:attachment":[{"href":"https:\/\/www.pravninasvet.net\/index.php\/wp-json\/wp\/v2\/media?parent=940"}],"curies":[{"name":"wp","href":"https:\/\/api.w.org\/{rel}","templated":true}]}}