{"id":38,"date":"2015-09-29T09:34:37","date_gmt":"2015-09-29T09:34:37","guid":{"rendered":"http:\/\/www.pravninasvet.net\/?page_id=38"},"modified":"2023-11-20T19:08:58","modified_gmt":"2023-11-20T19:08:58","slug":"domov-2","status":"publish","type":"page","link":"https:\/\/www.pravninasvet.net\/index.php\/domov-2\/","title":{"rendered":"Domov"},"content":{"rendered":"<p style=\"text-align: justify;\"><span style=\"color: #ff6600;\"><strong>Vsaka stranka je pomembna<\/strong><\/span>, zato ji posvetimo dovolj pozornosti, strokovnosti in profesionalnosti. Stranke nam ne predstavljajo \u0161tevilk, ampak osebe, ki potrebujejo pravno pomo\u010d oz. pravno storitev.<\/p>\n<p><span style=\"color: #ff6600;\"><strong>Na\u0161 cilj <\/strong><span style=\"color: #000000;\">so zadovoljne stranke!<\/span><\/span><\/p>\n<p><a href=\"http:\/\/www.pravninasvet.net\/wp-content\/uploads\/2015\/09\/Pravnik.jpg\"><img loading=\"lazy\" decoding=\"async\" class=\"size-medium wp-image-81 aligncenter\" src=\"http:\/\/www.pravninasvet.net\/wp-content\/uploads\/2015\/09\/Pravnik-300x200.jpg\" alt=\"Female Lawyer or notary in her office\" width=\"300\" height=\"200\" srcset=\"https:\/\/www.pravninasvet.net\/wp-content\/uploads\/2015\/09\/Pravnik-300x200.jpg 300w, https:\/\/www.pravninasvet.net\/wp-content\/uploads\/2015\/09\/Pravnik-1024x683.jpg 1024w\" sizes=\"auto, (max-width: 300px) 100vw, 300px\" \/><\/a><\/p>\n","protected":false},"excerpt":{"rendered":"<p>Vsaka stranka je pomembna, zato ji posvetimo dovolj pozornosti, strokovnosti in profesionalnosti. Stranke nam ne predstavljajo \u0161tevilk, ampak osebe, ki potrebujejo pravno pomo\u010d oz. pravno storitev. Na\u0161 cilj so zadovoljne stranke!<\/p>\n","protected":false},"author":1,"featured_media":0,"parent":0,"menu_order":0,"comment_status":"closed","ping_status":"closed","template":"","meta":{"footnotes":""},"class_list":["post-38","page","type-page","status-publish","hentry"],"_links":{"self":[{"href":"https:\/\/www.pravninasvet.net\/index.php\/wp-json\/wp\/v2\/pages\/38","targetHints":{"allow":["GET"]}}],"collection":[{"href":"https:\/\/www.pravninasvet.net\/index.php\/wp-json\/wp\/v2\/pages"}],"about":[{"href":"https:\/\/www.pravninasvet.net\/index.php\/wp-json\/wp\/v2\/types\/page"}],"author":[{"embeddable":true,"href":"https:\/\/www.pravninasvet.net\/index.php\/wp-json\/wp\/v2\/users\/1"}],"replies":[{"embeddable":true,"href":"https:\/\/www.pravninasvet.net\/index.php\/wp-json\/wp\/v2\/comments?post=38"}],"version-history":[{"count":23,"href":"https:\/\/www.pravninasvet.net\/index.php\/wp-json\/wp\/v2\/pages\/38\/revisions"}],"predecessor-version":[{"id":926,"href":"https:\/\/www.pravninasvet.net\/index.php\/wp-json\/wp\/v2\/pages\/38\/revisions\/926"}],"wp:attachment":[{"href":"https:\/\/www.pravninasvet.net\/index.php\/wp-json\/wp\/v2\/media?parent=38"}],"curies":[{"name":"wp","href":"https:\/\/api.w.org\/{rel}","templated":true}]}}