{"id":2,"date":"2015-09-16T07:17:51","date_gmt":"2015-09-16T07:17:51","guid":{"rendered":"http:\/\/www.pravninasvet.net\/?page_id=2"},"modified":"2023-11-20T19:18:25","modified_gmt":"2023-11-20T19:18:25","slug":"sample-page","status":"publish","type":"page","link":"https:\/\/www.pravninasvet.net\/","title":{"rendered":"Pravni nasvet"},"content":{"rendered":"<p>\u00a0<\/p>\n<p><strong>Javna naro\u010dila<\/strong><\/p>\n<ul>\n<li>priprava razpisne dokumentacije<\/li>\n<li>svetovanje v vseh fazah javnega naro\u010dila<\/li>\n<\/ul>\n<p>\u00a0<\/p>\n<p><a href=\"http:\/\/www.pravninasvet.net\/wp-content\/uploads\/2015\/09\/Pogodba.jpg\"><img loading=\"lazy\" decoding=\"async\" class=\"aligncenter wp-image-79 size-medium\" src=\"http:\/\/www.pravninasvet.net\/wp-content\/uploads\/2015\/09\/Pogodba-300x176.jpg\" alt=\"Vir: http:\/\/www.monkhouselaw.com\/contract-employees\/\" width=\"300\" height=\"176\" srcset=\"https:\/\/www.pravninasvet.net\/wp-content\/uploads\/2015\/09\/Pogodba-300x176.jpg 300w, https:\/\/www.pravninasvet.net\/wp-content\/uploads\/2015\/09\/Pogodba-1024x600.jpg 1024w, https:\/\/www.pravninasvet.net\/wp-content\/uploads\/2015\/09\/Pogodba.jpg 1550w\" sizes=\"auto, (max-width: 300px) 100vw, 300px\" \/><\/a><\/p>\n<p><script>\/\/ <![CDATA[ (function() { var _fbq = window._fbq || (window._fbq = []); if (!_fbq.loaded) { var fbds = document.createElement('script'); fbds.async = true; fbds.src = '\/\/connect.facebook.net\/en_US\/fbds.js'; var s = document.getElementsByTagName('script')[0]; s.parentNode.insertBefore(fbds, s); _fbq.loaded = true; } })(); window._fbq = window._fbq || []; window._fbq.push(['track', '6031086480600', {'value':'0.01','currency':'EUR'}]); \/\/ ]]><\/script><br \/><noscript>&amp;amp;lt;img height=&#8221;1&#8243; width=&#8221;1&#8243; alt=&#8221;&#8221; style=&#8221;display:none&#8221; src=&#8221;https:\/\/www.facebook.com\/tr?ev=6031086480600&amp;amp;amp;amp;cd[value]=0.01&amp;amp;amp;amp;cd[currency]=EUR&amp;amp;amp;amp;noscript=1&#8243; \/&amp;amp;gt;<span id=\"mce_marker\" data-mce-type=\"bookmark\" data-mce-fragment=\"1\">\u200b<\/span><\/noscript><\/p>\n<p style=\"text-align: center;\">Svetujemo izklju\u010dno iz podro\u010dja javnih naro\u010dil.\u00a0<\/p>\n<p>\u00a0<\/p>\n<p style=\"text-align: center;\">\u00a0<\/p>\n\n\n<figure class=\"wp-block-gallery has-nested-images columns-default is-cropped wp-block-gallery-1 is-layout-flex wp-block-gallery-is-layout-flex\"><\/figure>\n\n\n\n<p><\/p>\n","protected":false},"excerpt":{"rendered":"<p>\u00a0 Javna naro\u010dila priprava razpisne dokumentacije svetovanje v vseh fazah javnega naro\u010dila \u00a0 &amp;amp;lt;img height=&#8221;1&#8243; width=&#8221;1&#8243; alt=&#8221;&#8221; style=&#8221;display:none&#8221; src=&#8221;https:\/\/www.facebook.com\/tr?ev=6031086480600&amp;amp;amp;amp;cd[value]=0.01&amp;amp;amp;amp;cd[currency]=EUR&amp;amp;amp;amp;noscript=1&#8243; \/&amp;amp;gt;\u200b Svetujemo izklju\u010dno iz podro\u010dja javnih naro\u010dil.\u00a0 \u00a0 \u00a0<\/p>\n","protected":false},"author":1,"featured_media":0,"parent":0,"menu_order":0,"comment_status":"closed","ping_status":"open","template":"","meta":{"footnotes":""},"class_list":["post-2","page","type-page","status-publish","hentry"],"_links":{"self":[{"href":"https:\/\/www.pravninasvet.net\/index.php\/wp-json\/wp\/v2\/pages\/2","targetHints":{"allow":["GET"]}}],"collection":[{"href":"https:\/\/www.pravninasvet.net\/index.php\/wp-json\/wp\/v2\/pages"}],"about":[{"href":"https:\/\/www.pravninasvet.net\/index.php\/wp-json\/wp\/v2\/types\/page"}],"author":[{"embeddable":true,"href":"https:\/\/www.pravninasvet.net\/index.php\/wp-json\/wp\/v2\/users\/1"}],"replies":[{"embeddable":true,"href":"https:\/\/www.pravninasvet.net\/index.php\/wp-json\/wp\/v2\/comments?post=2"}],"version-history":[{"count":48,"href":"https:\/\/www.pravninasvet.net\/index.php\/wp-json\/wp\/v2\/pages\/2\/revisions"}],"predecessor-version":[{"id":937,"href":"https:\/\/www.pravninasvet.net\/index.php\/wp-json\/wp\/v2\/pages\/2\/revisions\/937"}],"wp:attachment":[{"href":"https:\/\/www.pravninasvet.net\/index.php\/wp-json\/wp\/v2\/media?parent=2"}],"curies":[{"name":"wp","href":"https:\/\/api.w.org\/{rel}","templated":true}]}}